{"id":1071,"date":"2024-05-23T12:32:10","date_gmt":"2024-05-23T10:32:10","guid":{"rendered":"https:\/\/boutique.boucheriemulon.com\/?post_type=product&#038;p=1071"},"modified":"2024-05-29T11:37:00","modified_gmt":"2024-05-29T09:37:00","slug":"oeufs-boites-de-6-pieces","status":"publish","type":"product","link":"https:\/\/boutique.boucheriemulon.com\/index.php\/produit\/oeufs-boites-de-6-pieces\/","title":{"rendered":"\u0152ufs (bo\u00eetes de 6 pi\u00e8ces)"},"content":{"rendered":"","protected":false},"excerpt":{"rendered":"<p>3,10 \u20ac la boite &#8211; 6 \u0153ufs gros<\/p>\n","protected":false},"featured_media":1072,"template":"","meta":[],"product_brand":[],"product_cat":[63,30],"product_tag":[],"class_list":{"0":"post-1071","1":"product","2":"type-product","3":"status-publish","4":"has-post-thumbnail","6":"product_cat-repas","7":"product_cat-volaille","9":"first","10":"instock","11":"taxable","12":"shipping-taxable","13":"purchasable","14":"product-type-simple"},"_links":{"self":[{"href":"https:\/\/boutique.boucheriemulon.com\/index.php\/wp-json\/wp\/v2\/product\/1071","targetHints":{"allow":["GET"]}}],"collection":[{"href":"https:\/\/boutique.boucheriemulon.com\/index.php\/wp-json\/wp\/v2\/product"}],"about":[{"href":"https:\/\/boutique.boucheriemulon.com\/index.php\/wp-json\/wp\/v2\/types\/product"}],"wp:featuredmedia":[{"embeddable":true,"href":"https:\/\/boutique.boucheriemulon.com\/index.php\/wp-json\/wp\/v2\/media\/1072"}],"wp:attachment":[{"href":"https:\/\/boutique.boucheriemulon.com\/index.php\/wp-json\/wp\/v2\/media?parent=1071"}],"wp:term":[{"taxonomy":"product_brand","embeddable":true,"href":"https:\/\/boutique.boucheriemulon.com\/index.php\/wp-json\/wp\/v2\/product_brand?post=1071"},{"taxonomy":"product_cat","embeddable":true,"href":"https:\/\/boutique.boucheriemulon.com\/index.php\/wp-json\/wp\/v2\/product_cat?post=1071"},{"taxonomy":"product_tag","embeddable":true,"href":"https:\/\/boutique.boucheriemulon.com\/index.php\/wp-json\/wp\/v2\/product_tag?post=1071"}],"curies":[{"name":"wp","href":"https:\/\/api.w.org\/{rel}","templated":true}]}}