{"id":525,"date":"2024-05-14T11:51:24","date_gmt":"2024-05-14T09:51:24","guid":{"rendered":"https:\/\/boutique.boucheriemulon.com\/index.php\/produit\/petits-pois-extra-fins-a-letuvee-37-cl\/"},"modified":"2024-05-23T10:36:55","modified_gmt":"2024-05-23T08:36:55","slug":"petits-pois-extra-fins-a-letuvee-37-cl","status":"publish","type":"product","link":"https:\/\/boutique.boucheriemulon.com\/index.php\/produit\/petits-pois-extra-fins-a-letuvee-37-cl\/","title":{"rendered":"Petits pois extra-fins \u00e0 l&rsquo;\u00e9tuv\u00e9e   37 cl"},"content":{"rendered":"<p>0<\/p>\n","protected":false},"excerpt":{"rendered":"<p>4,20 \u20ac \/ Pce &#8211; Petits pois extras fins \u00e0 l&rsquo;\u00e9tuv\u00e9e 1 pi\u00e8ce de 37 cl &#8211; <\/p>\n","protected":false},"featured_media":877,"template":"","meta":[],"product_brand":[],"product_cat":[56,61],"product_tag":[],"class_list":{"0":"post-525","1":"product","2":"type-product","3":"status-publish","4":"has-post-thumbnail","6":"product_cat-epicerie-fine","7":"product_cat-legumes","9":"first","10":"instock","11":"taxable","12":"shipping-taxable","13":"purchasable","14":"product-type-simple"},"_links":{"self":[{"href":"https:\/\/boutique.boucheriemulon.com\/index.php\/wp-json\/wp\/v2\/product\/525","targetHints":{"allow":["GET"]}}],"collection":[{"href":"https:\/\/boutique.boucheriemulon.com\/index.php\/wp-json\/wp\/v2\/product"}],"about":[{"href":"https:\/\/boutique.boucheriemulon.com\/index.php\/wp-json\/wp\/v2\/types\/product"}],"wp:featuredmedia":[{"embeddable":true,"href":"https:\/\/boutique.boucheriemulon.com\/index.php\/wp-json\/wp\/v2\/media\/877"}],"wp:attachment":[{"href":"https:\/\/boutique.boucheriemulon.com\/index.php\/wp-json\/wp\/v2\/media?parent=525"}],"wp:term":[{"taxonomy":"product_brand","embeddable":true,"href":"https:\/\/boutique.boucheriemulon.com\/index.php\/wp-json\/wp\/v2\/product_brand?post=525"},{"taxonomy":"product_cat","embeddable":true,"href":"https:\/\/boutique.boucheriemulon.com\/index.php\/wp-json\/wp\/v2\/product_cat?post=525"},{"taxonomy":"product_tag","embeddable":true,"href":"https:\/\/boutique.boucheriemulon.com\/index.php\/wp-json\/wp\/v2\/product_tag?post=525"}],"curies":[{"name":"wp","href":"https:\/\/api.w.org\/{rel}","templated":true}]}}