{"id":533,"date":"2024-05-14T11:52:05","date_gmt":"2024-05-14T09:52:05","guid":{"rendered":"https:\/\/boutique.boucheriemulon.com\/index.php\/produit\/jambon-en-croute-sauce-au-porto-1-part\/"},"modified":"2025-03-18T10:48:40","modified_gmt":"2025-03-18T09:48:40","slug":"jambon-en-croute-sauce-au-porto-1-part","status":"publish","type":"product","link":"https:\/\/boutique.boucheriemulon.com\/index.php\/produit\/jambon-en-croute-sauce-au-porto-1-part\/","title":{"rendered":"Jambon en cro\u00fbte sauce au porto 1 part"},"content":{"rendered":"<p>\u00c0 commander 8 jours \u00e0 l\u2019avance<\/p>\n","protected":false},"excerpt":{"rendered":"<p>10.90 \u20ac \/ Part &#8211; Jambon en cro\u00fbte sauce au porto 1 part &#8211; <\/p>\n","protected":false},"featured_media":1214,"template":"","meta":[],"product_brand":[],"product_cat":[68,63],"product_tag":[],"class_list":{"0":"post-533","1":"product","2":"type-product","3":"status-publish","4":"has-post-thumbnail","6":"product_cat-coeur-de-repas","7":"product_cat-repas","9":"first","10":"instock","11":"taxable","12":"shipping-taxable","13":"purchasable","14":"product-type-simple"},"_links":{"self":[{"href":"https:\/\/boutique.boucheriemulon.com\/index.php\/wp-json\/wp\/v2\/product\/533","targetHints":{"allow":["GET"]}}],"collection":[{"href":"https:\/\/boutique.boucheriemulon.com\/index.php\/wp-json\/wp\/v2\/product"}],"about":[{"href":"https:\/\/boutique.boucheriemulon.com\/index.php\/wp-json\/wp\/v2\/types\/product"}],"wp:featuredmedia":[{"embeddable":true,"href":"https:\/\/boutique.boucheriemulon.com\/index.php\/wp-json\/wp\/v2\/media\/1214"}],"wp:attachment":[{"href":"https:\/\/boutique.boucheriemulon.com\/index.php\/wp-json\/wp\/v2\/media?parent=533"}],"wp:term":[{"taxonomy":"product_brand","embeddable":true,"href":"https:\/\/boutique.boucheriemulon.com\/index.php\/wp-json\/wp\/v2\/product_brand?post=533"},{"taxonomy":"product_cat","embeddable":true,"href":"https:\/\/boutique.boucheriemulon.com\/index.php\/wp-json\/wp\/v2\/product_cat?post=533"},{"taxonomy":"product_tag","embeddable":true,"href":"https:\/\/boutique.boucheriemulon.com\/index.php\/wp-json\/wp\/v2\/product_tag?post=533"}],"curies":[{"name":"wp","href":"https:\/\/api.w.org\/{rel}","templated":true}]}}