{"id":540,"date":"2024-05-14T11:52:06","date_gmt":"2024-05-14T09:52:06","guid":{"rendered":"https:\/\/boutique.boucheriemulon.com\/index.php\/produit\/plateau-pierrade\/"},"modified":"2025-03-18T10:48:29","modified_gmt":"2025-03-18T09:48:29","slug":"plateau-pierrade","status":"publish","type":"product","link":"https:\/\/boutique.boucheriemulon.com\/index.php\/produit\/plateau-pierrade\/","title":{"rendered":"Plateau pierrade (par personne)"},"content":{"rendered":"<p>0<\/p>\n","protected":false},"excerpt":{"rendered":"<p>9,90 \u20ac \/ Personne &#8211; Plateau pierrade \u2013 200 g de volaille\u00a0&#8211; 200 g de b\u0153uf (pi\u00e8ce \u00e0 fondue)  &#8211; <\/p>\n","protected":false},"featured_media":813,"template":"","meta":[],"product_brand":[],"product_cat":[68,63],"product_tag":[],"class_list":{"0":"post-540","1":"product","2":"type-product","3":"status-publish","4":"has-post-thumbnail","6":"product_cat-coeur-de-repas","7":"product_cat-repas","9":"first","10":"instock","11":"taxable","12":"shipping-taxable","13":"purchasable","14":"product-type-simple"},"_links":{"self":[{"href":"https:\/\/boutique.boucheriemulon.com\/index.php\/wp-json\/wp\/v2\/product\/540","targetHints":{"allow":["GET"]}}],"collection":[{"href":"https:\/\/boutique.boucheriemulon.com\/index.php\/wp-json\/wp\/v2\/product"}],"about":[{"href":"https:\/\/boutique.boucheriemulon.com\/index.php\/wp-json\/wp\/v2\/types\/product"}],"wp:featuredmedia":[{"embeddable":true,"href":"https:\/\/boutique.boucheriemulon.com\/index.php\/wp-json\/wp\/v2\/media\/813"}],"wp:attachment":[{"href":"https:\/\/boutique.boucheriemulon.com\/index.php\/wp-json\/wp\/v2\/media?parent=540"}],"wp:term":[{"taxonomy":"product_brand","embeddable":true,"href":"https:\/\/boutique.boucheriemulon.com\/index.php\/wp-json\/wp\/v2\/product_brand?post=540"},{"taxonomy":"product_cat","embeddable":true,"href":"https:\/\/boutique.boucheriemulon.com\/index.php\/wp-json\/wp\/v2\/product_cat?post=540"},{"taxonomy":"product_tag","embeddable":true,"href":"https:\/\/boutique.boucheriemulon.com\/index.php\/wp-json\/wp\/v2\/product_tag?post=540"}],"curies":[{"name":"wp","href":"https:\/\/api.w.org\/{rel}","templated":true}]}}