{"id":552,"date":"2024-05-14T11:55:24","date_gmt":"2024-05-14T09:55:24","guid":{"rendered":"https:\/\/boutique.boucheriemulon.com\/index.php\/produit\/coquille-st-jacques-a-la-normande\/"},"modified":"2025-11-14T12:02:06","modified_gmt":"2025-11-14T11:02:06","slug":"coquille-st-jacques-a-la-normande","status":"publish","type":"product","link":"https:\/\/boutique.boucheriemulon.com\/index.php\/produit\/coquille-st-jacques-a-la-normande\/","title":{"rendered":"Coquille St Jacques \u00e0 la Normande"},"content":{"rendered":"<p>Allerg\u00e8nes : \u0152ufs, Poissons, C\u00e9r\u00e9ales contenant du gluten, Lait, Mollusques, Crustac\u00e9s<\/p>\n","protected":false},"excerpt":{"rendered":"<p>8,60 \u20ac \/ Pce &#8211; Coquille St Jacques \u00e0 la Normande 1 pi\u00e8ce de 190 g &#8211; <\/p>\n","protected":false},"featured_media":847,"template":"","meta":[],"product_brand":[],"product_cat":[67,63],"product_tag":[],"class_list":{"0":"post-552","1":"product","2":"type-product","3":"status-publish","4":"has-post-thumbnail","6":"product_cat-entrees-chaudes","7":"product_cat-repas","9":"first","10":"instock","11":"taxable","12":"shipping-taxable","13":"purchasable","14":"product-type-simple"},"_links":{"self":[{"href":"https:\/\/boutique.boucheriemulon.com\/index.php\/wp-json\/wp\/v2\/product\/552","targetHints":{"allow":["GET"]}}],"collection":[{"href":"https:\/\/boutique.boucheriemulon.com\/index.php\/wp-json\/wp\/v2\/product"}],"about":[{"href":"https:\/\/boutique.boucheriemulon.com\/index.php\/wp-json\/wp\/v2\/types\/product"}],"wp:featuredmedia":[{"embeddable":true,"href":"https:\/\/boutique.boucheriemulon.com\/index.php\/wp-json\/wp\/v2\/media\/847"}],"wp:attachment":[{"href":"https:\/\/boutique.boucheriemulon.com\/index.php\/wp-json\/wp\/v2\/media?parent=552"}],"wp:term":[{"taxonomy":"product_brand","embeddable":true,"href":"https:\/\/boutique.boucheriemulon.com\/index.php\/wp-json\/wp\/v2\/product_brand?post=552"},{"taxonomy":"product_cat","embeddable":true,"href":"https:\/\/boutique.boucheriemulon.com\/index.php\/wp-json\/wp\/v2\/product_cat?post=552"},{"taxonomy":"product_tag","embeddable":true,"href":"https:\/\/boutique.boucheriemulon.com\/index.php\/wp-json\/wp\/v2\/product_tag?post=552"}],"curies":[{"name":"wp","href":"https:\/\/api.w.org\/{rel}","templated":true}]}}