{"id":555,"date":"2024-05-14T11:55:24","date_gmt":"2024-05-14T09:55:24","guid":{"rendered":"https:\/\/boutique.boucheriemulon.com\/index.php\/produit\/panier-au-chevre-1-piece-de-150-g\/"},"modified":"2024-05-14T15:23:15","modified_gmt":"2024-05-14T13:23:15","slug":"panier-au-chevre-1-piece-de-150-g","status":"publish","type":"product","link":"https:\/\/boutique.boucheriemulon.com\/index.php\/produit\/panier-au-chevre-1-piece-de-150-g\/","title":{"rendered":"Panier au ch\u00e8vre 1 pi\u00e8ce de 150 g"},"content":{"rendered":"<p>Allerg\u00e8nes : \u0152ufs, C\u00e9r\u00e9ales contenant du gluten, Lait<\/p>\n","protected":false},"excerpt":{"rendered":"<p>5,60 \u20ac \/ Pce &#8211; P\u00e2te feuillet\u00e9e au beurre garnie de fromage de ch\u00e8vre &#8211; <\/p>\n","protected":false},"featured_media":840,"template":"","meta":[],"product_brand":[],"product_cat":[67,63],"product_tag":[],"class_list":{"0":"post-555","1":"product","2":"type-product","3":"status-publish","4":"has-post-thumbnail","6":"product_cat-entrees-chaudes","7":"product_cat-repas","9":"first","10":"instock","11":"taxable","12":"shipping-taxable","13":"purchasable","14":"product-type-simple"},"_links":{"self":[{"href":"https:\/\/boutique.boucheriemulon.com\/index.php\/wp-json\/wp\/v2\/product\/555","targetHints":{"allow":["GET"]}}],"collection":[{"href":"https:\/\/boutique.boucheriemulon.com\/index.php\/wp-json\/wp\/v2\/product"}],"about":[{"href":"https:\/\/boutique.boucheriemulon.com\/index.php\/wp-json\/wp\/v2\/types\/product"}],"wp:featuredmedia":[{"embeddable":true,"href":"https:\/\/boutique.boucheriemulon.com\/index.php\/wp-json\/wp\/v2\/media\/840"}],"wp:attachment":[{"href":"https:\/\/boutique.boucheriemulon.com\/index.php\/wp-json\/wp\/v2\/media?parent=555"}],"wp:term":[{"taxonomy":"product_brand","embeddable":true,"href":"https:\/\/boutique.boucheriemulon.com\/index.php\/wp-json\/wp\/v2\/product_brand?post=555"},{"taxonomy":"product_cat","embeddable":true,"href":"https:\/\/boutique.boucheriemulon.com\/index.php\/wp-json\/wp\/v2\/product_cat?post=555"},{"taxonomy":"product_tag","embeddable":true,"href":"https:\/\/boutique.boucheriemulon.com\/index.php\/wp-json\/wp\/v2\/product_tag?post=555"}],"curies":[{"name":"wp","href":"https:\/\/api.w.org\/{rel}","templated":true}]}}