{"id":563,"date":"2024-05-14T11:56:28","date_gmt":"2024-05-14T09:56:28","guid":{"rendered":"https:\/\/boutique.boucheriemulon.com\/index.php\/produit\/taboule-nature-200-g\/"},"modified":"2024-05-14T15:09:12","modified_gmt":"2024-05-14T13:09:12","slug":"taboule-nature-200-g","status":"publish","type":"product","link":"https:\/\/boutique.boucheriemulon.com\/index.php\/produit\/taboule-nature-200-g\/","title":{"rendered":"Taboul\u00e9 nature   200 g"},"content":{"rendered":"<p>Allerg\u00e8nes : C\u00e9r\u00e9ales contenant du gluten, Anhydride sulfureux et sulfites en concentration de plus 10 mg\/kg ou 10 mg\/l <\/p>\n","protected":false},"excerpt":{"rendered":"<p>17,70 \u20ac \/ kg &#8211; Taboul\u00e9 aux poivrons, tomates, oignons,raisins secs 200 g &#8211; <\/p>\n","protected":false},"featured_media":850,"template":"","meta":[],"product_brand":[],"product_cat":[65,63],"product_tag":[],"class_list":{"0":"post-563","1":"product","2":"type-product","3":"status-publish","4":"has-post-thumbnail","6":"product_cat-entrees-froides","7":"product_cat-repas","9":"first","10":"instock","11":"taxable","12":"shipping-taxable","13":"purchasable","14":"product-type-simple"},"_links":{"self":[{"href":"https:\/\/boutique.boucheriemulon.com\/index.php\/wp-json\/wp\/v2\/product\/563","targetHints":{"allow":["GET"]}}],"collection":[{"href":"https:\/\/boutique.boucheriemulon.com\/index.php\/wp-json\/wp\/v2\/product"}],"about":[{"href":"https:\/\/boutique.boucheriemulon.com\/index.php\/wp-json\/wp\/v2\/types\/product"}],"wp:featuredmedia":[{"embeddable":true,"href":"https:\/\/boutique.boucheriemulon.com\/index.php\/wp-json\/wp\/v2\/media\/850"}],"wp:attachment":[{"href":"https:\/\/boutique.boucheriemulon.com\/index.php\/wp-json\/wp\/v2\/media?parent=563"}],"wp:term":[{"taxonomy":"product_brand","embeddable":true,"href":"https:\/\/boutique.boucheriemulon.com\/index.php\/wp-json\/wp\/v2\/product_brand?post=563"},{"taxonomy":"product_cat","embeddable":true,"href":"https:\/\/boutique.boucheriemulon.com\/index.php\/wp-json\/wp\/v2\/product_cat?post=563"},{"taxonomy":"product_tag","embeddable":true,"href":"https:\/\/boutique.boucheriemulon.com\/index.php\/wp-json\/wp\/v2\/product_tag?post=563"}],"curies":[{"name":"wp","href":"https:\/\/api.w.org\/{rel}","templated":true}]}}