{"id":567,"date":"2024-05-14T11:56:29","date_gmt":"2024-05-14T09:56:29","guid":{"rendered":"https:\/\/boutique.boucheriemulon.com\/index.php\/produit\/salade-surimi-exotique-a-lananas-200-g\/"},"modified":"2024-05-23T10:49:54","modified_gmt":"2024-05-23T08:49:54","slug":"salade-surimi-exotique-a-lananas-200-g","status":"publish","type":"product","link":"https:\/\/boutique.boucheriemulon.com\/index.php\/produit\/salade-surimi-exotique-a-lananas-200-g\/","title":{"rendered":"Salade crabe exotique \u00e0 l&rsquo;ananas  200 g"},"content":{"rendered":"<p>Allerg\u00e8nes : \u0152ufs, Poissons, C\u00e9r\u00e9ales contenant du gluten, Moutarde, Crustac\u00e9s<\/p>\n","protected":false},"excerpt":{"rendered":"<p>22,30 \u20ac \/ kg &#8211; Crabe et brisures d&rsquo;ananas au sirop l\u00e9ger 200 g &#8211; <\/p>\n","protected":false},"featured_media":828,"template":"","meta":[],"product_brand":[],"product_cat":[65,63],"product_tag":[],"class_list":{"0":"post-567","1":"product","2":"type-product","3":"status-publish","4":"has-post-thumbnail","6":"product_cat-entrees-froides","7":"product_cat-repas","9":"first","10":"instock","11":"taxable","12":"shipping-taxable","13":"purchasable","14":"product-type-simple"},"_links":{"self":[{"href":"https:\/\/boutique.boucheriemulon.com\/index.php\/wp-json\/wp\/v2\/product\/567","targetHints":{"allow":["GET"]}}],"collection":[{"href":"https:\/\/boutique.boucheriemulon.com\/index.php\/wp-json\/wp\/v2\/product"}],"about":[{"href":"https:\/\/boutique.boucheriemulon.com\/index.php\/wp-json\/wp\/v2\/types\/product"}],"wp:featuredmedia":[{"embeddable":true,"href":"https:\/\/boutique.boucheriemulon.com\/index.php\/wp-json\/wp\/v2\/media\/828"}],"wp:attachment":[{"href":"https:\/\/boutique.boucheriemulon.com\/index.php\/wp-json\/wp\/v2\/media?parent=567"}],"wp:term":[{"taxonomy":"product_brand","embeddable":true,"href":"https:\/\/boutique.boucheriemulon.com\/index.php\/wp-json\/wp\/v2\/product_brand?post=567"},{"taxonomy":"product_cat","embeddable":true,"href":"https:\/\/boutique.boucheriemulon.com\/index.php\/wp-json\/wp\/v2\/product_cat?post=567"},{"taxonomy":"product_tag","embeddable":true,"href":"https:\/\/boutique.boucheriemulon.com\/index.php\/wp-json\/wp\/v2\/product_tag?post=567"}],"curies":[{"name":"wp","href":"https:\/\/api.w.org\/{rel}","templated":true}]}}