{"id":568,"date":"2024-05-14T11:56:29","date_gmt":"2024-05-14T09:56:29","guid":{"rendered":"https:\/\/boutique.boucheriemulon.com\/index.php\/produit\/aspic-oeuf-poche-jambon-e-90-g\/"},"modified":"2025-03-11T15:25:10","modified_gmt":"2025-03-11T14:25:10","slug":"aspic-oeuf-poche-jambon-e-90-g","status":"publish","type":"product","link":"https:\/\/boutique.boucheriemulon.com\/index.php\/produit\/aspic-oeuf-poche-jambon-e-90-g\/","title":{"rendered":"Aspic \u0153uf poch\u00e9 jambon e 90 g"},"content":{"rendered":"<p>Allerg\u00e8nes : Oeufs <\/p>\n","protected":false},"excerpt":{"rendered":"<p>3,60 \u20ac \/ Pce &#8211; Aspic \u0153uf mollet jambon 1 pi\u00e8ce de 90 g &#8211; <\/p>\n","protected":false},"featured_media":826,"template":"","meta":[],"product_brand":[],"product_cat":[65,63],"product_tag":[],"class_list":{"0":"post-568","1":"product","2":"type-product","3":"status-publish","4":"has-post-thumbnail","6":"product_cat-entrees-froides","7":"product_cat-repas","9":"first","10":"instock","11":"taxable","12":"shipping-taxable","13":"purchasable","14":"product-type-simple"},"_links":{"self":[{"href":"https:\/\/boutique.boucheriemulon.com\/index.php\/wp-json\/wp\/v2\/product\/568","targetHints":{"allow":["GET"]}}],"collection":[{"href":"https:\/\/boutique.boucheriemulon.com\/index.php\/wp-json\/wp\/v2\/product"}],"about":[{"href":"https:\/\/boutique.boucheriemulon.com\/index.php\/wp-json\/wp\/v2\/types\/product"}],"wp:featuredmedia":[{"embeddable":true,"href":"https:\/\/boutique.boucheriemulon.com\/index.php\/wp-json\/wp\/v2\/media\/826"}],"wp:attachment":[{"href":"https:\/\/boutique.boucheriemulon.com\/index.php\/wp-json\/wp\/v2\/media?parent=568"}],"wp:term":[{"taxonomy":"product_brand","embeddable":true,"href":"https:\/\/boutique.boucheriemulon.com\/index.php\/wp-json\/wp\/v2\/product_brand?post=568"},{"taxonomy":"product_cat","embeddable":true,"href":"https:\/\/boutique.boucheriemulon.com\/index.php\/wp-json\/wp\/v2\/product_cat?post=568"},{"taxonomy":"product_tag","embeddable":true,"href":"https:\/\/boutique.boucheriemulon.com\/index.php\/wp-json\/wp\/v2\/product_tag?post=568"}],"curies":[{"name":"wp","href":"https:\/\/api.w.org\/{rel}","templated":true}]}}