{"id":569,"date":"2024-05-14T11:56:29","date_gmt":"2024-05-14T09:56:29","guid":{"rendered":"https:\/\/boutique.boucheriemulon.com\/index.php\/produit\/coquille-ou-medaillon-de-saumon-en-bellevue-piece\/"},"modified":"2026-02-16T14:33:53","modified_gmt":"2026-02-16T13:33:53","slug":"coquille-ou-medaillon-de-saumon-en-bellevue-piece","status":"publish","type":"product","link":"https:\/\/boutique.boucheriemulon.com\/index.php\/produit\/coquille-ou-medaillon-de-saumon-en-bellevue-piece\/","title":{"rendered":"Coquille ou m\u00e9daillon de saumon en Bellevue  pi\u00e8ce"},"content":{"rendered":"<p>\u00c0 commander 8 jours \u00e0 l\u2019avance<\/p>\n","protected":false},"excerpt":{"rendered":"<p>8,20 \u20ac \/ Pce &#8211; Coquille ou m\u00e9daillon de saumon en Bellevue 1 pi\u00e8ce &#8211; <\/p>\n","protected":false},"featured_media":844,"template":"","meta":[],"product_brand":[],"product_cat":[65,63],"product_tag":[],"class_list":{"0":"post-569","1":"product","2":"type-product","3":"status-publish","4":"has-post-thumbnail","6":"product_cat-entrees-froides","7":"product_cat-repas","9":"first","10":"instock","11":"taxable","12":"shipping-taxable","13":"purchasable","14":"product-type-simple"},"_links":{"self":[{"href":"https:\/\/boutique.boucheriemulon.com\/index.php\/wp-json\/wp\/v2\/product\/569","targetHints":{"allow":["GET"]}}],"collection":[{"href":"https:\/\/boutique.boucheriemulon.com\/index.php\/wp-json\/wp\/v2\/product"}],"about":[{"href":"https:\/\/boutique.boucheriemulon.com\/index.php\/wp-json\/wp\/v2\/types\/product"}],"wp:featuredmedia":[{"embeddable":true,"href":"https:\/\/boutique.boucheriemulon.com\/index.php\/wp-json\/wp\/v2\/media\/844"}],"wp:attachment":[{"href":"https:\/\/boutique.boucheriemulon.com\/index.php\/wp-json\/wp\/v2\/media?parent=569"}],"wp:term":[{"taxonomy":"product_brand","embeddable":true,"href":"https:\/\/boutique.boucheriemulon.com\/index.php\/wp-json\/wp\/v2\/product_brand?post=569"},{"taxonomy":"product_cat","embeddable":true,"href":"https:\/\/boutique.boucheriemulon.com\/index.php\/wp-json\/wp\/v2\/product_cat?post=569"},{"taxonomy":"product_tag","embeddable":true,"href":"https:\/\/boutique.boucheriemulon.com\/index.php\/wp-json\/wp\/v2\/product_tag?post=569"}],"curies":[{"name":"wp","href":"https:\/\/api.w.org\/{rel}","templated":true}]}}