{"id":571,"date":"2024-05-14T11:56:29","date_gmt":"2024-05-14T09:56:29","guid":{"rendered":"https:\/\/boutique.boucheriemulon.com\/index.php\/produit\/saumon-fume-decosse-label-rouge-60-g\/"},"modified":"2026-03-14T09:02:54","modified_gmt":"2026-03-14T08:02:54","slug":"saumon-fume-decosse-label-rouge-60-g","status":"publish","type":"product","link":"https:\/\/boutique.boucheriemulon.com\/index.php\/produit\/saumon-fume-decosse-label-rouge-60-g\/","title":{"rendered":"Saumon fum\u00e9 d&rsquo;Ecosse Label Rouge 60 g"},"content":{"rendered":"<p>Allerg\u00e8nes : Poissons <\/p>\n","protected":false},"excerpt":{"rendered":"<p>115,05 \u20ac \/ kg &#8211; Saumon fum\u00e9 \u00e9lev\u00e9 en Ecosse Label Rouge 60 g &#8211; <\/p>\n","protected":false},"featured_media":843,"template":"","meta":[],"product_brand":[],"product_cat":[65,63],"product_tag":[],"class_list":{"0":"post-571","1":"product","2":"type-product","3":"status-publish","4":"has-post-thumbnail","6":"product_cat-entrees-froides","7":"product_cat-repas","9":"first","10":"instock","11":"taxable","12":"shipping-taxable","13":"purchasable","14":"product-type-simple"},"_links":{"self":[{"href":"https:\/\/boutique.boucheriemulon.com\/index.php\/wp-json\/wp\/v2\/product\/571","targetHints":{"allow":["GET"]}}],"collection":[{"href":"https:\/\/boutique.boucheriemulon.com\/index.php\/wp-json\/wp\/v2\/product"}],"about":[{"href":"https:\/\/boutique.boucheriemulon.com\/index.php\/wp-json\/wp\/v2\/types\/product"}],"wp:featuredmedia":[{"embeddable":true,"href":"https:\/\/boutique.boucheriemulon.com\/index.php\/wp-json\/wp\/v2\/media\/843"}],"wp:attachment":[{"href":"https:\/\/boutique.boucheriemulon.com\/index.php\/wp-json\/wp\/v2\/media?parent=571"}],"wp:term":[{"taxonomy":"product_brand","embeddable":true,"href":"https:\/\/boutique.boucheriemulon.com\/index.php\/wp-json\/wp\/v2\/product_brand?post=571"},{"taxonomy":"product_cat","embeddable":true,"href":"https:\/\/boutique.boucheriemulon.com\/index.php\/wp-json\/wp\/v2\/product_cat?post=571"},{"taxonomy":"product_tag","embeddable":true,"href":"https:\/\/boutique.boucheriemulon.com\/index.php\/wp-json\/wp\/v2\/product_tag?post=571"}],"curies":[{"name":"wp","href":"https:\/\/api.w.org\/{rel}","templated":true}]}}