{"id":573,"date":"2024-05-14T11:56:30","date_gmt":"2024-05-14T09:56:30","guid":{"rendered":"https:\/\/boutique.boucheriemulon.com\/index.php\/produit\/gambas-a-la-mediterraneenne-200-g\/"},"modified":"2024-05-14T15:18:50","modified_gmt":"2024-05-14T13:18:50","slug":"gambas-a-la-mediterraneenne-200-g","status":"publish","type":"product","link":"https:\/\/boutique.boucheriemulon.com\/index.php\/produit\/gambas-a-la-mediterraneenne-200-g\/","title":{"rendered":"Gambas \u00e0 la m\u00e9diterran\u00e9enne  200 g"},"content":{"rendered":"<p>Allerg\u00e8nes : Crustac\u00e9s, Anhydride sulfureux \/ sulfites  en concentration de plus 10 mg\/kg ou 10 mg\/l <\/p>\n","protected":false},"excerpt":{"rendered":"<p>56,90 \u20ac \/ kg &#8211; Salade \u00e0 base de crevettes cuites et de tomates confites marin\u00e9es 200 g &#8211; <\/p>\n","protected":false},"featured_media":835,"template":"","meta":[],"product_brand":[],"product_cat":[65,63],"product_tag":[],"class_list":{"0":"post-573","1":"product","2":"type-product","3":"status-publish","4":"has-post-thumbnail","6":"product_cat-entrees-froides","7":"product_cat-repas","9":"first","10":"instock","11":"taxable","12":"shipping-taxable","13":"purchasable","14":"product-type-simple"},"_links":{"self":[{"href":"https:\/\/boutique.boucheriemulon.com\/index.php\/wp-json\/wp\/v2\/product\/573","targetHints":{"allow":["GET"]}}],"collection":[{"href":"https:\/\/boutique.boucheriemulon.com\/index.php\/wp-json\/wp\/v2\/product"}],"about":[{"href":"https:\/\/boutique.boucheriemulon.com\/index.php\/wp-json\/wp\/v2\/types\/product"}],"wp:featuredmedia":[{"embeddable":true,"href":"https:\/\/boutique.boucheriemulon.com\/index.php\/wp-json\/wp\/v2\/media\/835"}],"wp:attachment":[{"href":"https:\/\/boutique.boucheriemulon.com\/index.php\/wp-json\/wp\/v2\/media?parent=573"}],"wp:term":[{"taxonomy":"product_brand","embeddable":true,"href":"https:\/\/boutique.boucheriemulon.com\/index.php\/wp-json\/wp\/v2\/product_brand?post=573"},{"taxonomy":"product_cat","embeddable":true,"href":"https:\/\/boutique.boucheriemulon.com\/index.php\/wp-json\/wp\/v2\/product_cat?post=573"},{"taxonomy":"product_tag","embeddable":true,"href":"https:\/\/boutique.boucheriemulon.com\/index.php\/wp-json\/wp\/v2\/product_tag?post=573"}],"curies":[{"name":"wp","href":"https:\/\/api.w.org\/{rel}","templated":true}]}}