{"id":584,"date":"2024-05-14T11:57:09","date_gmt":"2024-05-14T09:57:09","guid":{"rendered":"https:\/\/boutique.boucheriemulon.com\/index.php\/produit\/pied-de-porc-cuit-450-g\/"},"modified":"2024-05-17T09:58:19","modified_gmt":"2024-05-17T07:58:19","slug":"pied-de-porc-cuit-450-g","status":"publish","type":"product","link":"https:\/\/boutique.boucheriemulon.com\/index.php\/produit\/pied-de-porc-cuit-450-g\/","title":{"rendered":"Pied de porc cuit  450 g"},"content":{"rendered":"<p>Allerg\u00e8nes : C\u00e9leri, C\u00e9r\u00e9ales contenant du gluten, Anhydride sulfureux et sulfites en concentration de plus 10 mg\/kg ou 10 mg\/l <\/p>\n","protected":false},"excerpt":{"rendered":"<p>20,51 \u20ac \/ kg &#8211; Pied de porc trait\u00e9 en salaison cuit 450 g &#8211; <\/p>\n","protected":false},"featured_media":1018,"template":"","meta":[],"product_brand":[],"product_cat":[33,36],"product_tag":[],"class_list":{"0":"post-584","1":"product","2":"type-product","3":"status-publish","4":"has-post-thumbnail","6":"product_cat-charcuterie","7":"product_cat-pates-lardons-et-charcuterie-cuite","9":"first","10":"instock","11":"taxable","12":"shipping-taxable","13":"purchasable","14":"product-type-simple"},"_links":{"self":[{"href":"https:\/\/boutique.boucheriemulon.com\/index.php\/wp-json\/wp\/v2\/product\/584","targetHints":{"allow":["GET"]}}],"collection":[{"href":"https:\/\/boutique.boucheriemulon.com\/index.php\/wp-json\/wp\/v2\/product"}],"about":[{"href":"https:\/\/boutique.boucheriemulon.com\/index.php\/wp-json\/wp\/v2\/types\/product"}],"wp:featuredmedia":[{"embeddable":true,"href":"https:\/\/boutique.boucheriemulon.com\/index.php\/wp-json\/wp\/v2\/media\/1018"}],"wp:attachment":[{"href":"https:\/\/boutique.boucheriemulon.com\/index.php\/wp-json\/wp\/v2\/media?parent=584"}],"wp:term":[{"taxonomy":"product_brand","embeddable":true,"href":"https:\/\/boutique.boucheriemulon.com\/index.php\/wp-json\/wp\/v2\/product_brand?post=584"},{"taxonomy":"product_cat","embeddable":true,"href":"https:\/\/boutique.boucheriemulon.com\/index.php\/wp-json\/wp\/v2\/product_cat?post=584"},{"taxonomy":"product_tag","embeddable":true,"href":"https:\/\/boutique.boucheriemulon.com\/index.php\/wp-json\/wp\/v2\/product_tag?post=584"}],"curies":[{"name":"wp","href":"https:\/\/api.w.org\/{rel}","templated":true}]}}