{"id":608,"date":"2024-05-14T12:00:13","date_gmt":"2024-05-14T10:00:13","guid":{"rendered":"https:\/\/boutique.boucheriemulon.com\/index.php\/produit\/saucisson-sec-le-rond-chorizo-maison-loste-200-g\/"},"modified":"2025-03-18T10:44:19","modified_gmt":"2025-03-18T09:44:19","slug":"saucisson-sec-le-rond-chorizo-maison-loste-200-g","status":"publish","type":"product","link":"https:\/\/boutique.boucheriemulon.com\/index.php\/produit\/saucisson-sec-le-rond-chorizo-maison-loste-200-g\/","title":{"rendered":"Saucisson sec Le rond chorizo &#8211; Maison Loste  200 g"},"content":{"rendered":"<p>Allerg\u00e8nes : Lait <\/p>\n","protected":false},"excerpt":{"rendered":"<p>34,90 \u20ac \/ kg &#8211; Chorizo doux au go\u00fbt fum\u00e9 s\u00e9ch\u00e9 \u00e0 plat 200 g &#8211; <\/p>\n","protected":false},"featured_media":1028,"template":"","meta":[],"product_brand":[],"product_cat":[33,35],"product_tag":[],"class_list":{"0":"post-608","1":"product","2":"type-product","3":"status-publish","4":"has-post-thumbnail","6":"product_cat-charcuterie","7":"product_cat-salaison","9":"first","10":"instock","11":"taxable","12":"shipping-taxable","13":"purchasable","14":"product-type-simple"},"_links":{"self":[{"href":"https:\/\/boutique.boucheriemulon.com\/index.php\/wp-json\/wp\/v2\/product\/608","targetHints":{"allow":["GET"]}}],"collection":[{"href":"https:\/\/boutique.boucheriemulon.com\/index.php\/wp-json\/wp\/v2\/product"}],"about":[{"href":"https:\/\/boutique.boucheriemulon.com\/index.php\/wp-json\/wp\/v2\/types\/product"}],"wp:featuredmedia":[{"embeddable":true,"href":"https:\/\/boutique.boucheriemulon.com\/index.php\/wp-json\/wp\/v2\/media\/1028"}],"wp:attachment":[{"href":"https:\/\/boutique.boucheriemulon.com\/index.php\/wp-json\/wp\/v2\/media?parent=608"}],"wp:term":[{"taxonomy":"product_brand","embeddable":true,"href":"https:\/\/boutique.boucheriemulon.com\/index.php\/wp-json\/wp\/v2\/product_brand?post=608"},{"taxonomy":"product_cat","embeddable":true,"href":"https:\/\/boutique.boucheriemulon.com\/index.php\/wp-json\/wp\/v2\/product_cat?post=608"},{"taxonomy":"product_tag","embeddable":true,"href":"https:\/\/boutique.boucheriemulon.com\/index.php\/wp-json\/wp\/v2\/product_tag?post=608"}],"curies":[{"name":"wp","href":"https:\/\/api.w.org\/{rel}","templated":true}]}}