{"id":625,"date":"2024-05-14T12:00:43","date_gmt":"2024-05-14T10:00:43","guid":{"rendered":"https:\/\/boutique.boucheriemulon.com\/index.php\/produit\/saucisson-a-lail-blanc-tranches-100-g\/"},"modified":"2024-05-24T13:37:47","modified_gmt":"2024-05-24T11:37:47","slug":"saucisson-a-lail-blanc-tranches-100-g","status":"publish","type":"product","link":"https:\/\/boutique.boucheriemulon.com\/index.php\/produit\/saucisson-a-lail-blanc-tranches-100-g\/","title":{"rendered":"Saucisson \u00e0 l&rsquo;ail blanc &#8211; Tranches  100 g"},"content":{"rendered":"<p>Allerg\u00e8nes : C\u00e9leri, \u0152ufs <\/p>\n","protected":false},"excerpt":{"rendered":"<p>21,90 \u20ac \/ kg &#8211; Saucisson \u00e0 l&rsquo;ail pur porc boyau naturel 100 g &#8211; <\/p>\n","protected":false},"featured_media":1029,"template":"","meta":[],"product_brand":[],"product_cat":[33,35],"product_tag":[],"class_list":{"0":"post-625","1":"product","2":"type-product","3":"status-publish","4":"has-post-thumbnail","6":"product_cat-charcuterie","7":"product_cat-salaison","9":"first","10":"instock","11":"taxable","12":"shipping-taxable","13":"purchasable","14":"product-type-simple"},"_links":{"self":[{"href":"https:\/\/boutique.boucheriemulon.com\/index.php\/wp-json\/wp\/v2\/product\/625","targetHints":{"allow":["GET"]}}],"collection":[{"href":"https:\/\/boutique.boucheriemulon.com\/index.php\/wp-json\/wp\/v2\/product"}],"about":[{"href":"https:\/\/boutique.boucheriemulon.com\/index.php\/wp-json\/wp\/v2\/types\/product"}],"wp:featuredmedia":[{"embeddable":true,"href":"https:\/\/boutique.boucheriemulon.com\/index.php\/wp-json\/wp\/v2\/media\/1029"}],"wp:attachment":[{"href":"https:\/\/boutique.boucheriemulon.com\/index.php\/wp-json\/wp\/v2\/media?parent=625"}],"wp:term":[{"taxonomy":"product_brand","embeddable":true,"href":"https:\/\/boutique.boucheriemulon.com\/index.php\/wp-json\/wp\/v2\/product_brand?post=625"},{"taxonomy":"product_cat","embeddable":true,"href":"https:\/\/boutique.boucheriemulon.com\/index.php\/wp-json\/wp\/v2\/product_cat?post=625"},{"taxonomy":"product_tag","embeddable":true,"href":"https:\/\/boutique.boucheriemulon.com\/index.php\/wp-json\/wp\/v2\/product_tag?post=625"}],"curies":[{"name":"wp","href":"https:\/\/api.w.org\/{rel}","templated":true}]}}