{"id":632,"date":"2024-05-14T12:00:44","date_gmt":"2024-05-14T10:00:44","guid":{"rendered":"https:\/\/boutique.boucheriemulon.com\/index.php\/produit\/boudin-noir-a-la-cerise-medaille-dor-2020-400-g\/"},"modified":"2024-05-14T14:30:51","modified_gmt":"2024-05-14T12:30:51","slug":"boudin-noir-a-la-cerise-medaille-dor-2020-400-g","status":"publish","type":"product","link":"https:\/\/boutique.boucheriemulon.com\/index.php\/produit\/boudin-noir-a-la-cerise-medaille-dor-2020-400-g\/","title":{"rendered":"Boudin noir \u00e0 la cerise M\u00e9daill\u00e9 d\u2019or 2020  400 g"},"content":{"rendered":"<p>Pour 2 personnes<\/p>\n","protected":false},"excerpt":{"rendered":"<p>18,90 \u20ac \/ kg &#8211; Boudin noir cerise noire confite oignons persil 400 g &#8211; <\/p>\n","protected":false},"featured_media":996,"template":"","meta":[],"product_brand":[],"product_cat":[31,33,34,59],"product_tag":[],"class_list":{"0":"post-632","1":"product","2":"type-product","3":"status-publish","4":"has-post-thumbnail","6":"product_cat-barbecue","7":"product_cat-charcuterie","8":"product_cat-saucisses-et-boudins","9":"product_cat-saucisses-et-boudins-barbecue","11":"first","12":"instock","13":"taxable","14":"shipping-taxable","15":"purchasable","16":"product-type-simple"},"_links":{"self":[{"href":"https:\/\/boutique.boucheriemulon.com\/index.php\/wp-json\/wp\/v2\/product\/632","targetHints":{"allow":["GET"]}}],"collection":[{"href":"https:\/\/boutique.boucheriemulon.com\/index.php\/wp-json\/wp\/v2\/product"}],"about":[{"href":"https:\/\/boutique.boucheriemulon.com\/index.php\/wp-json\/wp\/v2\/types\/product"}],"wp:featuredmedia":[{"embeddable":true,"href":"https:\/\/boutique.boucheriemulon.com\/index.php\/wp-json\/wp\/v2\/media\/996"}],"wp:attachment":[{"href":"https:\/\/boutique.boucheriemulon.com\/index.php\/wp-json\/wp\/v2\/media?parent=632"}],"wp:term":[{"taxonomy":"product_brand","embeddable":true,"href":"https:\/\/boutique.boucheriemulon.com\/index.php\/wp-json\/wp\/v2\/product_brand?post=632"},{"taxonomy":"product_cat","embeddable":true,"href":"https:\/\/boutique.boucheriemulon.com\/index.php\/wp-json\/wp\/v2\/product_cat?post=632"},{"taxonomy":"product_tag","embeddable":true,"href":"https:\/\/boutique.boucheriemulon.com\/index.php\/wp-json\/wp\/v2\/product_tag?post=632"}],"curies":[{"name":"wp","href":"https:\/\/api.w.org\/{rel}","templated":true}]}}