{"id":647,"date":"2024-05-14T12:01:20","date_gmt":"2024-05-14T10:01:20","guid":{"rendered":"https:\/\/boutique.boucheriemulon.com\/index.php\/produit\/escalope-cordon-bleu-de-poulet-160-g-160-g\/"},"modified":"2024-05-17T09:39:14","modified_gmt":"2024-05-17T07:39:14","slug":"escalope-cordon-bleu-de-poulet-160-g-160-g","status":"publish","type":"product","link":"https:\/\/boutique.boucheriemulon.com\/index.php\/produit\/escalope-cordon-bleu-de-poulet-160-g-160-g\/","title":{"rendered":"Escalope cordon bleu de poulet 160 g  160 g"},"content":{"rendered":"<p>  Allerg\u00e8nes : Gluten, Lait<\/p>\n","protected":false},"excerpt":{"rendered":"<p>30,88 \u20ac \/ kg &#8211; Produit pan\u00e9 cuit, \u00e0 base de filet de poulet reconstitu\u00e9 trait\u00e9 en salaison, de bacon de dinde fum\u00e9 et de comt\u00e9 AOP. 160 g &#8211; <\/p>\n","protected":false},"featured_media":960,"template":"","meta":[],"product_brand":[],"product_cat":[25,30],"product_tag":[],"class_list":{"0":"post-647","1":"product","2":"type-product","3":"status-publish","4":"has-post-thumbnail","6":"product_cat-boucherie","7":"product_cat-volaille","9":"first","10":"instock","11":"taxable","12":"shipping-taxable","13":"purchasable","14":"product-type-simple"},"_links":{"self":[{"href":"https:\/\/boutique.boucheriemulon.com\/index.php\/wp-json\/wp\/v2\/product\/647","targetHints":{"allow":["GET"]}}],"collection":[{"href":"https:\/\/boutique.boucheriemulon.com\/index.php\/wp-json\/wp\/v2\/product"}],"about":[{"href":"https:\/\/boutique.boucheriemulon.com\/index.php\/wp-json\/wp\/v2\/types\/product"}],"wp:featuredmedia":[{"embeddable":true,"href":"https:\/\/boutique.boucheriemulon.com\/index.php\/wp-json\/wp\/v2\/media\/960"}],"wp:attachment":[{"href":"https:\/\/boutique.boucheriemulon.com\/index.php\/wp-json\/wp\/v2\/media?parent=647"}],"wp:term":[{"taxonomy":"product_brand","embeddable":true,"href":"https:\/\/boutique.boucheriemulon.com\/index.php\/wp-json\/wp\/v2\/product_brand?post=647"},{"taxonomy":"product_cat","embeddable":true,"href":"https:\/\/boutique.boucheriemulon.com\/index.php\/wp-json\/wp\/v2\/product_cat?post=647"},{"taxonomy":"product_tag","embeddable":true,"href":"https:\/\/boutique.boucheriemulon.com\/index.php\/wp-json\/wp\/v2\/product_tag?post=647"}],"curies":[{"name":"wp","href":"https:\/\/api.w.org\/{rel}","templated":true}]}}