{"id":663,"date":"2024-05-14T12:01:22","date_gmt":"2024-05-14T10:01:22","guid":{"rendered":"https:\/\/boutique.boucheriemulon.com\/index.php\/produit\/brochette-de-poulet-au-chorizo-200-g\/"},"modified":"2024-05-14T14:14:07","modified_gmt":"2024-05-14T12:14:07","slug":"brochette-de-poulet-au-chorizo-200-g","status":"publish","type":"product","link":"https:\/\/boutique.boucheriemulon.com\/index.php\/produit\/brochette-de-poulet-au-chorizo-200-g\/","title":{"rendered":"Brochette de poulet au chorizo  200 g"},"content":{"rendered":"<p>Allerg\u00e8nes : Oeufs, C\u00e9r\u00e9ales contenant du gluten, Lait <\/p>\n","protected":false},"excerpt":{"rendered":"<p>26,90 \u20ac \/ kg &#8211; Brochette de poulet au chorizo 200 g &#8211; <\/p>\n","protected":false},"featured_media":978,"template":"","meta":[],"product_brand":[],"product_cat":[31,25,32,30],"product_tag":[],"class_list":{"0":"post-663","1":"product","2":"type-product","3":"status-publish","4":"has-post-thumbnail","6":"product_cat-barbecue","7":"product_cat-boucherie","8":"product_cat-brochettes","9":"product_cat-volaille","11":"first","12":"instock","13":"taxable","14":"shipping-taxable","15":"purchasable","16":"product-type-simple"},"_links":{"self":[{"href":"https:\/\/boutique.boucheriemulon.com\/index.php\/wp-json\/wp\/v2\/product\/663","targetHints":{"allow":["GET"]}}],"collection":[{"href":"https:\/\/boutique.boucheriemulon.com\/index.php\/wp-json\/wp\/v2\/product"}],"about":[{"href":"https:\/\/boutique.boucheriemulon.com\/index.php\/wp-json\/wp\/v2\/types\/product"}],"wp:featuredmedia":[{"embeddable":true,"href":"https:\/\/boutique.boucheriemulon.com\/index.php\/wp-json\/wp\/v2\/media\/978"}],"wp:attachment":[{"href":"https:\/\/boutique.boucheriemulon.com\/index.php\/wp-json\/wp\/v2\/media?parent=663"}],"wp:term":[{"taxonomy":"product_brand","embeddable":true,"href":"https:\/\/boutique.boucheriemulon.com\/index.php\/wp-json\/wp\/v2\/product_brand?post=663"},{"taxonomy":"product_cat","embeddable":true,"href":"https:\/\/boutique.boucheriemulon.com\/index.php\/wp-json\/wp\/v2\/product_cat?post=663"},{"taxonomy":"product_tag","embeddable":true,"href":"https:\/\/boutique.boucheriemulon.com\/index.php\/wp-json\/wp\/v2\/product_tag?post=663"}],"curies":[{"name":"wp","href":"https:\/\/api.w.org\/{rel}","templated":true}]}}