{"id":702,"date":"2024-05-14T12:02:41","date_gmt":"2024-05-14T10:02:41","guid":{"rendered":"https:\/\/boutique.boucheriemulon.com\/index.php\/produit\/roti-de-porc-a-la-diable-700-g\/"},"modified":"2026-01-19T16:03:59","modified_gmt":"2026-01-19T15:03:59","slug":"roti-de-porc-a-la-diable-700-g","status":"publish","type":"product","link":"https:\/\/boutique.boucheriemulon.com\/index.php\/produit\/roti-de-porc-a-la-diable-700-g\/","title":{"rendered":"R\u00f4ti de porc \u00e0 la Diable  700 g"},"content":{"rendered":"<p>Pour 3 personnes &#8211; Allerg\u00e8ne : Moutarde <\/p>\n","protected":false},"excerpt":{"rendered":"<p>26,90 \u20ac \/ kg &#8211; Filet de porc \u00ab\u00a0R\u00f4ti\u00a0\u00bb \u00e0 la Diable 700 g &#8211; <\/p>\n","protected":false},"featured_media":933,"template":"","meta":[],"product_brand":[],"product_cat":[25,29],"product_tag":[],"class_list":{"0":"post-702","1":"product","2":"type-product","3":"status-publish","4":"has-post-thumbnail","6":"product_cat-boucherie","7":"product_cat-porc","9":"first","10":"instock","11":"taxable","12":"shipping-taxable","13":"purchasable","14":"product-type-simple"},"_links":{"self":[{"href":"https:\/\/boutique.boucheriemulon.com\/index.php\/wp-json\/wp\/v2\/product\/702","targetHints":{"allow":["GET"]}}],"collection":[{"href":"https:\/\/boutique.boucheriemulon.com\/index.php\/wp-json\/wp\/v2\/product"}],"about":[{"href":"https:\/\/boutique.boucheriemulon.com\/index.php\/wp-json\/wp\/v2\/types\/product"}],"wp:featuredmedia":[{"embeddable":true,"href":"https:\/\/boutique.boucheriemulon.com\/index.php\/wp-json\/wp\/v2\/media\/933"}],"wp:attachment":[{"href":"https:\/\/boutique.boucheriemulon.com\/index.php\/wp-json\/wp\/v2\/media?parent=702"}],"wp:term":[{"taxonomy":"product_brand","embeddable":true,"href":"https:\/\/boutique.boucheriemulon.com\/index.php\/wp-json\/wp\/v2\/product_brand?post=702"},{"taxonomy":"product_cat","embeddable":true,"href":"https:\/\/boutique.boucheriemulon.com\/index.php\/wp-json\/wp\/v2\/product_cat?post=702"},{"taxonomy":"product_tag","embeddable":true,"href":"https:\/\/boutique.boucheriemulon.com\/index.php\/wp-json\/wp\/v2\/product_tag?post=702"}],"curies":[{"name":"wp","href":"https:\/\/api.w.org\/{rel}","templated":true}]}}