{"id":723,"date":"2024-05-14T12:03:21","date_gmt":"2024-05-14T10:03:21","guid":{"rendered":"https:\/\/boutique.boucheriemulon.com\/index.php\/produit\/epaule-dagneau-desosee-1200-g\/"},"modified":"2026-01-19T15:20:07","modified_gmt":"2026-01-19T14:20:07","slug":"epaule-dagneau-desosee-1200-g","status":"publish","type":"product","link":"https:\/\/boutique.boucheriemulon.com\/index.php\/produit\/epaule-dagneau-desosee-1200-g\/","title":{"rendered":"\u00c9paule d&rsquo;agneau d\u00e9sos\u00e9e 1200 g"},"content":{"rendered":"<p>Pour 6 personnes<\/p>\n","protected":false},"excerpt":{"rendered":"<p>36,90 \u20ac \/ kg &#8211; \u00c9paule d&rsquo;agneau d\u00e9soss\u00e9e 1200 g &#8211; Origine : Aveyron Label Rouge <\/p>\n","protected":false},"featured_media":914,"template":"","meta":[],"product_brand":[],"product_cat":[28,25],"product_tag":[],"class_list":{"0":"post-723","1":"product","2":"type-product","3":"status-publish","4":"has-post-thumbnail","6":"product_cat-agneau","7":"product_cat-boucherie","9":"first","10":"instock","11":"taxable","12":"shipping-taxable","13":"purchasable","14":"product-type-simple"},"_links":{"self":[{"href":"https:\/\/boutique.boucheriemulon.com\/index.php\/wp-json\/wp\/v2\/product\/723","targetHints":{"allow":["GET"]}}],"collection":[{"href":"https:\/\/boutique.boucheriemulon.com\/index.php\/wp-json\/wp\/v2\/product"}],"about":[{"href":"https:\/\/boutique.boucheriemulon.com\/index.php\/wp-json\/wp\/v2\/types\/product"}],"wp:featuredmedia":[{"embeddable":true,"href":"https:\/\/boutique.boucheriemulon.com\/index.php\/wp-json\/wp\/v2\/media\/914"}],"wp:attachment":[{"href":"https:\/\/boutique.boucheriemulon.com\/index.php\/wp-json\/wp\/v2\/media?parent=723"}],"wp:term":[{"taxonomy":"product_brand","embeddable":true,"href":"https:\/\/boutique.boucheriemulon.com\/index.php\/wp-json\/wp\/v2\/product_brand?post=723"},{"taxonomy":"product_cat","embeddable":true,"href":"https:\/\/boutique.boucheriemulon.com\/index.php\/wp-json\/wp\/v2\/product_cat?post=723"},{"taxonomy":"product_tag","embeddable":true,"href":"https:\/\/boutique.boucheriemulon.com\/index.php\/wp-json\/wp\/v2\/product_tag?post=723"}],"curies":[{"name":"wp","href":"https:\/\/api.w.org\/{rel}","templated":true}]}}