{"id":759,"date":"2024-05-14T12:04:21","date_gmt":"2024-05-14T10:04:21","guid":{"rendered":"https:\/\/boutique.boucheriemulon.com\/index.php\/produit\/basse-cote-de-boeuf-a-griller-appetit-xxl-500-g\/"},"modified":"2026-02-11T16:05:51","modified_gmt":"2026-02-11T15:05:51","slug":"basse-cote-de-boeuf-a-griller-appetit-xxl-500-g","status":"publish","type":"product","link":"https:\/\/boutique.boucheriemulon.com\/index.php\/produit\/basse-cote-de-boeuf-a-griller-appetit-xxl-500-g\/","title":{"rendered":"Basse c\u00f4te de b\u0153uf \u00e0 griller &#8211; App\u00e9tit XXL  500 g"},"content":{"rendered":"<p>Pour 2 personnes <\/p>\n","protected":false},"excerpt":{"rendered":"<p>26,90 \u20ac \/ kg &#8211; Basse c\u00f4te de b\u0153uf \u00e0 griller 500 g &#8211; Origine : Limousine <\/p>\n","protected":false},"featured_media":920,"template":"","meta":[],"product_brand":[],"product_cat":[117,25],"product_tag":[],"class_list":{"0":"post-759","1":"product","2":"type-product","3":"status-publish","4":"has-post-thumbnail","6":"product_cat-boeuf-boucherie","7":"product_cat-boucherie","9":"first","10":"instock","11":"taxable","12":"shipping-taxable","13":"purchasable","14":"product-type-simple"},"_links":{"self":[{"href":"https:\/\/boutique.boucheriemulon.com\/index.php\/wp-json\/wp\/v2\/product\/759","targetHints":{"allow":["GET"]}}],"collection":[{"href":"https:\/\/boutique.boucheriemulon.com\/index.php\/wp-json\/wp\/v2\/product"}],"about":[{"href":"https:\/\/boutique.boucheriemulon.com\/index.php\/wp-json\/wp\/v2\/types\/product"}],"wp:featuredmedia":[{"embeddable":true,"href":"https:\/\/boutique.boucheriemulon.com\/index.php\/wp-json\/wp\/v2\/media\/920"}],"wp:attachment":[{"href":"https:\/\/boutique.boucheriemulon.com\/index.php\/wp-json\/wp\/v2\/media?parent=759"}],"wp:term":[{"taxonomy":"product_brand","embeddable":true,"href":"https:\/\/boutique.boucheriemulon.com\/index.php\/wp-json\/wp\/v2\/product_brand?post=759"},{"taxonomy":"product_cat","embeddable":true,"href":"https:\/\/boutique.boucheriemulon.com\/index.php\/wp-json\/wp\/v2\/product_cat?post=759"},{"taxonomy":"product_tag","embeddable":true,"href":"https:\/\/boutique.boucheriemulon.com\/index.php\/wp-json\/wp\/v2\/product_tag?post=759"}],"curies":[{"name":"wp","href":"https:\/\/api.w.org\/{rel}","templated":true}]}}