{"id":760,"date":"2024-05-14T12:04:21","date_gmt":"2024-05-14T10:04:21","guid":{"rendered":"https:\/\/boutique.boucheriemulon.com\/index.php\/produit\/basse-cote-de-boeuf-a-braiser-200-g\/"},"modified":"2025-03-10T14:54:40","modified_gmt":"2025-03-10T13:54:40","slug":"basse-cote-de-boeuf-a-braiser-200-g","status":"publish","type":"product","link":"https:\/\/boutique.boucheriemulon.com\/index.php\/produit\/basse-cote-de-boeuf-a-braiser-200-g\/","title":{"rendered":"Basse c\u00f4te de b\u0153uf \u00e0 braiser  200 g"},"content":{"rendered":"<p>0<\/p>\n","protected":false},"excerpt":{"rendered":"<p>24.90 \u20ac \/ kg &#8211; Basse c\u00f4te de b\u0153uf \u00e0 braiser 200 g &#8211; Origine : Limousine <\/p>\n","protected":false},"featured_media":920,"template":"","meta":[],"product_brand":[],"product_cat":[117,25],"product_tag":[],"class_list":{"0":"post-760","1":"product","2":"type-product","3":"status-publish","4":"has-post-thumbnail","6":"product_cat-boeuf-boucherie","7":"product_cat-boucherie","9":"first","10":"instock","11":"taxable","12":"shipping-taxable","13":"purchasable","14":"product-type-simple"},"_links":{"self":[{"href":"https:\/\/boutique.boucheriemulon.com\/index.php\/wp-json\/wp\/v2\/product\/760","targetHints":{"allow":["GET"]}}],"collection":[{"href":"https:\/\/boutique.boucheriemulon.com\/index.php\/wp-json\/wp\/v2\/product"}],"about":[{"href":"https:\/\/boutique.boucheriemulon.com\/index.php\/wp-json\/wp\/v2\/types\/product"}],"wp:featuredmedia":[{"embeddable":true,"href":"https:\/\/boutique.boucheriemulon.com\/index.php\/wp-json\/wp\/v2\/media\/920"}],"wp:attachment":[{"href":"https:\/\/boutique.boucheriemulon.com\/index.php\/wp-json\/wp\/v2\/media?parent=760"}],"wp:term":[{"taxonomy":"product_brand","embeddable":true,"href":"https:\/\/boutique.boucheriemulon.com\/index.php\/wp-json\/wp\/v2\/product_brand?post=760"},{"taxonomy":"product_cat","embeddable":true,"href":"https:\/\/boutique.boucheriemulon.com\/index.php\/wp-json\/wp\/v2\/product_cat?post=760"},{"taxonomy":"product_tag","embeddable":true,"href":"https:\/\/boutique.boucheriemulon.com\/index.php\/wp-json\/wp\/v2\/product_tag?post=760"}],"curies":[{"name":"wp","href":"https:\/\/api.w.org\/{rel}","templated":true}]}}