{"id":763,"date":"2024-05-14T12:04:21","date_gmt":"2024-05-14T10:04:21","guid":{"rendered":"https:\/\/boutique.boucheriemulon.com\/index.php\/produit\/bifteck-hache-de-boeuf-petite-faim-100-g\/"},"modified":"2026-01-19T15:52:44","modified_gmt":"2026-01-19T14:52:44","slug":"bifteck-hache-de-boeuf-petite-faim-100-g","status":"publish","type":"product","link":"https:\/\/boutique.boucheriemulon.com\/index.php\/produit\/bifteck-hache-de-boeuf-petite-faim-100-g\/","title":{"rendered":"Bifteck hach\u00e9 de b\u0153uf &#8211; Petite faim  100 g"},"content":{"rendered":"<p>Provenant de morceaux d\u00e9nerv\u00e9s et d\u00e9graiss\u00e9s<\/p>\n","protected":false},"excerpt":{"rendered":"<p>18,90 \u20ac \/ kg &#8211; Bifteck hach\u00e9 de b\u0153uf 100 g &#8211; Origine : Limousine <\/p>\n","protected":false},"featured_media":926,"template":"","meta":[],"product_brand":[],"product_cat":[117,25],"product_tag":[],"class_list":{"0":"post-763","1":"product","2":"type-product","3":"status-publish","4":"has-post-thumbnail","6":"product_cat-boeuf-boucherie","7":"product_cat-boucherie","9":"first","10":"instock","11":"taxable","12":"shipping-taxable","13":"purchasable","14":"product-type-simple"},"_links":{"self":[{"href":"https:\/\/boutique.boucheriemulon.com\/index.php\/wp-json\/wp\/v2\/product\/763","targetHints":{"allow":["GET"]}}],"collection":[{"href":"https:\/\/boutique.boucheriemulon.com\/index.php\/wp-json\/wp\/v2\/product"}],"about":[{"href":"https:\/\/boutique.boucheriemulon.com\/index.php\/wp-json\/wp\/v2\/types\/product"}],"wp:featuredmedia":[{"embeddable":true,"href":"https:\/\/boutique.boucheriemulon.com\/index.php\/wp-json\/wp\/v2\/media\/926"}],"wp:attachment":[{"href":"https:\/\/boutique.boucheriemulon.com\/index.php\/wp-json\/wp\/v2\/media?parent=763"}],"wp:term":[{"taxonomy":"product_brand","embeddable":true,"href":"https:\/\/boutique.boucheriemulon.com\/index.php\/wp-json\/wp\/v2\/product_brand?post=763"},{"taxonomy":"product_cat","embeddable":true,"href":"https:\/\/boutique.boucheriemulon.com\/index.php\/wp-json\/wp\/v2\/product_cat?post=763"},{"taxonomy":"product_tag","embeddable":true,"href":"https:\/\/boutique.boucheriemulon.com\/index.php\/wp-json\/wp\/v2\/product_tag?post=763"}],"curies":[{"name":"wp","href":"https:\/\/api.w.org\/{rel}","templated":true}]}}