{"id":768,"date":"2024-05-14T12:04:22","date_gmt":"2024-05-14T10:04:22","guid":{"rendered":"https:\/\/boutique.boucheriemulon.com\/index.php\/produit\/emince-de-boeuf-marine-200-g\/"},"modified":"2026-02-11T15:40:42","modified_gmt":"2026-02-11T14:40:42","slug":"emince-de-boeuf-marine-200-g","status":"publish","type":"product","link":"https:\/\/boutique.boucheriemulon.com\/index.php\/produit\/emince-de-boeuf-marine-200-g\/","title":{"rendered":"Eminc\u00e9 de b\u0153uf marin\u00e9  200 g"},"content":{"rendered":"<p>0<\/p>\n","protected":false},"excerpt":{"rendered":"<p>32.90 \u20ac \/ kg &#8211; Eminc\u00e9 de b\u0153uf marin\u00e9 200 g &#8211; <\/p>\n","protected":false},"featured_media":925,"template":"","meta":[],"product_brand":[],"product_cat":[31,117,25,57],"product_tag":[],"class_list":{"0":"post-768","1":"product","2":"type-product","3":"status-publish","4":"has-post-thumbnail","6":"product_cat-barbecue","7":"product_cat-boeuf-boucherie","8":"product_cat-boucherie","9":"product_cat-viandes-marinees","11":"first","12":"instock","13":"taxable","14":"shipping-taxable","15":"purchasable","16":"product-type-simple"},"_links":{"self":[{"href":"https:\/\/boutique.boucheriemulon.com\/index.php\/wp-json\/wp\/v2\/product\/768","targetHints":{"allow":["GET"]}}],"collection":[{"href":"https:\/\/boutique.boucheriemulon.com\/index.php\/wp-json\/wp\/v2\/product"}],"about":[{"href":"https:\/\/boutique.boucheriemulon.com\/index.php\/wp-json\/wp\/v2\/types\/product"}],"wp:featuredmedia":[{"embeddable":true,"href":"https:\/\/boutique.boucheriemulon.com\/index.php\/wp-json\/wp\/v2\/media\/925"}],"wp:attachment":[{"href":"https:\/\/boutique.boucheriemulon.com\/index.php\/wp-json\/wp\/v2\/media?parent=768"}],"wp:term":[{"taxonomy":"product_brand","embeddable":true,"href":"https:\/\/boutique.boucheriemulon.com\/index.php\/wp-json\/wp\/v2\/product_brand?post=768"},{"taxonomy":"product_cat","embeddable":true,"href":"https:\/\/boutique.boucheriemulon.com\/index.php\/wp-json\/wp\/v2\/product_cat?post=768"},{"taxonomy":"product_tag","embeddable":true,"href":"https:\/\/boutique.boucheriemulon.com\/index.php\/wp-json\/wp\/v2\/product_tag?post=768"}],"curies":[{"name":"wp","href":"https:\/\/api.w.org\/{rel}","templated":true}]}}