{"id":769,"date":"2024-05-14T12:04:22","date_gmt":"2024-05-14T10:04:22","guid":{"rendered":"https:\/\/boutique.boucheriemulon.com\/index.php\/produit\/entrecote-de-boeuf-appetit-xxl-600-g\/"},"modified":"2026-02-11T16:13:50","modified_gmt":"2026-02-11T15:13:50","slug":"entrecote-de-boeuf-appetit-xxl-600-g","status":"publish","type":"product","link":"https:\/\/boutique.boucheriemulon.com\/index.php\/produit\/entrecote-de-boeuf-appetit-xxl-600-g\/","title":{"rendered":"Entrec\u00f4te de b\u0153uf &#8211; App\u00e9tit XXL  600 g"},"content":{"rendered":"<p>Pour 2 personnes <\/p>\n","protected":false},"excerpt":{"rendered":"<p>36,90 \u20ac \/ kg &#8211; Entrec\u00f4te de b\u0153uf 600 g &#8211; Origine : Limousine <\/p>\n","protected":false},"featured_media":923,"template":"","meta":[],"product_brand":[],"product_cat":[117,25],"product_tag":[],"class_list":{"0":"post-769","1":"product","2":"type-product","3":"status-publish","4":"has-post-thumbnail","6":"product_cat-boeuf-boucherie","7":"product_cat-boucherie","9":"first","10":"instock","11":"taxable","12":"shipping-taxable","13":"purchasable","14":"product-type-simple"},"_links":{"self":[{"href":"https:\/\/boutique.boucheriemulon.com\/index.php\/wp-json\/wp\/v2\/product\/769","targetHints":{"allow":["GET"]}}],"collection":[{"href":"https:\/\/boutique.boucheriemulon.com\/index.php\/wp-json\/wp\/v2\/product"}],"about":[{"href":"https:\/\/boutique.boucheriemulon.com\/index.php\/wp-json\/wp\/v2\/types\/product"}],"wp:featuredmedia":[{"embeddable":true,"href":"https:\/\/boutique.boucheriemulon.com\/index.php\/wp-json\/wp\/v2\/media\/923"}],"wp:attachment":[{"href":"https:\/\/boutique.boucheriemulon.com\/index.php\/wp-json\/wp\/v2\/media?parent=769"}],"wp:term":[{"taxonomy":"product_brand","embeddable":true,"href":"https:\/\/boutique.boucheriemulon.com\/index.php\/wp-json\/wp\/v2\/product_brand?post=769"},{"taxonomy":"product_cat","embeddable":true,"href":"https:\/\/boutique.boucheriemulon.com\/index.php\/wp-json\/wp\/v2\/product_cat?post=769"},{"taxonomy":"product_tag","embeddable":true,"href":"https:\/\/boutique.boucheriemulon.com\/index.php\/wp-json\/wp\/v2\/product_tag?post=769"}],"curies":[{"name":"wp","href":"https:\/\/api.w.org\/{rel}","templated":true}]}}