{"id":801,"date":"2024-05-14T12:06:43","date_gmt":"2024-05-14T10:06:43","guid":{"rendered":"https:\/\/boutique.boucheriemulon.com\/index.php\/produit\/cake-jambon-olives-1-piece-100-g\/"},"modified":"2025-03-14T16:32:30","modified_gmt":"2025-03-14T15:32:30","slug":"cake-jambon-olives-1-piece-100-g","status":"publish","type":"product","link":"https:\/\/boutique.boucheriemulon.com\/index.php\/produit\/cake-jambon-olives-1-piece-100-g\/","title":{"rendered":"Cake jambon olives 1 pi\u00e8ce   100 g"},"content":{"rendered":"<p>Allerg\u00e8nes : \u0152ufs, c\u00e9r\u00e9ales contenant du gluten, lait, anhydride sulfureux et sulfites en concentration de plus 10 mg\/kg ou 10 mg\/l <\/p>\n","protected":false},"excerpt":{"rendered":"<p>5,80 \u20ac \/ Pce &#8211; Cake au jambon de porc cuit, olives vertes et noires. 100 g &#8211; <\/p>\n","protected":false},"featured_media":995,"template":"","meta":[],"product_brand":[],"product_cat":[121,63],"product_tag":[],"class_list":{"0":"post-801","1":"product","2":"type-product","3":"status-publish","4":"has-post-thumbnail","6":"product_cat-aperitifs-et-vins-a-consommer-avec-moderation-repas","7":"product_cat-repas","9":"first","10":"instock","11":"taxable","12":"shipping-taxable","13":"purchasable","14":"product-type-simple"},"_links":{"self":[{"href":"https:\/\/boutique.boucheriemulon.com\/index.php\/wp-json\/wp\/v2\/product\/801","targetHints":{"allow":["GET"]}}],"collection":[{"href":"https:\/\/boutique.boucheriemulon.com\/index.php\/wp-json\/wp\/v2\/product"}],"about":[{"href":"https:\/\/boutique.boucheriemulon.com\/index.php\/wp-json\/wp\/v2\/types\/product"}],"wp:featuredmedia":[{"embeddable":true,"href":"https:\/\/boutique.boucheriemulon.com\/index.php\/wp-json\/wp\/v2\/media\/995"}],"wp:attachment":[{"href":"https:\/\/boutique.boucheriemulon.com\/index.php\/wp-json\/wp\/v2\/media?parent=801"}],"wp:term":[{"taxonomy":"product_brand","embeddable":true,"href":"https:\/\/boutique.boucheriemulon.com\/index.php\/wp-json\/wp\/v2\/product_brand?post=801"},{"taxonomy":"product_cat","embeddable":true,"href":"https:\/\/boutique.boucheriemulon.com\/index.php\/wp-json\/wp\/v2\/product_cat?post=801"},{"taxonomy":"product_tag","embeddable":true,"href":"https:\/\/boutique.boucheriemulon.com\/index.php\/wp-json\/wp\/v2\/product_tag?post=801"}],"curies":[{"name":"wp","href":"https:\/\/api.w.org\/{rel}","templated":true}]}}