{"id":804,"date":"2024-05-14T12:06:43","date_gmt":"2024-05-14T10:06:43","guid":{"rendered":"https:\/\/boutique.boucheriemulon.com\/index.php\/produit\/vin-rouge-cote-de-boeuf-75-cl\/"},"modified":"2024-12-16T15:26:35","modified_gmt":"2024-12-16T14:26:35","slug":"vin-rouge-cote-de-boeuf-75-cl","status":"publish","type":"product","link":"https:\/\/boutique.boucheriemulon.com\/index.php\/produit\/vin-rouge-cote-de-boeuf-75-cl\/","title":{"rendered":"Vin rouge c\u00f4te de b\u0153uf  75 cl"},"content":{"rendered":"<p>A consommer avec mod\u00e9ration)<\/p>\n","protected":false},"excerpt":{"rendered":"<p>10,90 \u20ac \/ bt &#8211; Vin rouge c\u00f4te de b\u0153uf 75 cl &#8211; <\/p>\n","protected":false},"featured_media":824,"template":"","meta":[],"product_brand":[],"product_cat":[121,63],"product_tag":[],"class_list":{"0":"post-804","1":"product","2":"type-product","3":"status-publish","4":"has-post-thumbnail","6":"product_cat-aperitifs-et-vins-a-consommer-avec-moderation-repas","7":"product_cat-repas","9":"first","10":"instock","11":"shipping-taxable","12":"purchasable","13":"product-type-simple"},"_links":{"self":[{"href":"https:\/\/boutique.boucheriemulon.com\/index.php\/wp-json\/wp\/v2\/product\/804","targetHints":{"allow":["GET"]}}],"collection":[{"href":"https:\/\/boutique.boucheriemulon.com\/index.php\/wp-json\/wp\/v2\/product"}],"about":[{"href":"https:\/\/boutique.boucheriemulon.com\/index.php\/wp-json\/wp\/v2\/types\/product"}],"wp:featuredmedia":[{"embeddable":true,"href":"https:\/\/boutique.boucheriemulon.com\/index.php\/wp-json\/wp\/v2\/media\/824"}],"wp:attachment":[{"href":"https:\/\/boutique.boucheriemulon.com\/index.php\/wp-json\/wp\/v2\/media?parent=804"}],"wp:term":[{"taxonomy":"product_brand","embeddable":true,"href":"https:\/\/boutique.boucheriemulon.com\/index.php\/wp-json\/wp\/v2\/product_brand?post=804"},{"taxonomy":"product_cat","embeddable":true,"href":"https:\/\/boutique.boucheriemulon.com\/index.php\/wp-json\/wp\/v2\/product_cat?post=804"},{"taxonomy":"product_tag","embeddable":true,"href":"https:\/\/boutique.boucheriemulon.com\/index.php\/wp-json\/wp\/v2\/product_tag?post=804"}],"curies":[{"name":"wp","href":"https:\/\/api.w.org\/{rel}","templated":true}]}}